{"id":10,"date":"2021-05-14T10:47:11","date_gmt":"2021-05-14T10:47:11","guid":{"rendered":"https:\/\/www.smallthingsinfocus.de\/smallthings\/?page_id=10"},"modified":"2022-01-26T17:56:03","modified_gmt":"2022-01-26T17:56:03","slug":"ueber-mich","status":"publish","type":"page","link":"https:\/\/www.smallthingsinfocus.de\/smallthings\/ueber-mich\/","title":{"rendered":"\u00dcber mich"},"content":{"rendered":"","protected":false},"excerpt":{"rendered":"","protected":false},"author":1,"featured_media":0,"parent":0,"menu_order":0,"comment_status":"closed","ping_status":"closed","template":"","meta":{"footnotes":""},"yoast_head":"<!-- This site is optimized with the Yoast SEO plugin v21.7 - https:\/\/yoast.com\/wordpress\/plugins\/seo\/ -->\n<title>\u00dcber mich - Smallthings in focus<\/title>\n<meta name=\"description\" content=\"Wer ich bin, was mich bewegt und was der Sinn dieser Seite ist? Wie wurde der Biologe zum Fotografen? Hier liest du es.\" \/>\n<meta name=\"robots\" content=\"index, follow, max-snippet:-1, max-image-preview:large, max-video-preview:-1\" \/>\n<link rel=\"canonical\" href=\"https:\/\/www.smallthingsinfocus.de\/smallthings\/ueber-mich\/\" \/>\n<meta property=\"og:locale\" content=\"de_DE\" \/>\n<meta property=\"og:type\" content=\"article\" \/>\n<meta property=\"og:title\" content=\"\u00dcber mich - Smallthings in focus\" \/>\n<meta property=\"og:description\" content=\"Wer ich bin, was mich bewegt und was der Sinn dieser Seite ist? Wie wurde der Biologe zum Fotografen? Hier liest du es.\" \/>\n<meta property=\"og:url\" content=\"https:\/\/www.smallthingsinfocus.de\/smallthings\/ueber-mich\/\" \/>\n<meta property=\"og:site_name\" content=\"Smallthings in focus\" \/>\n<meta property=\"article:modified_time\" content=\"2022-01-26T17:56:03+00:00\" \/>\n<meta name=\"twitter:card\" content=\"summary_large_image\" \/>\n<script type=\"application\/ld+json\" class=\"yoast-schema-graph\">{\"@context\":\"https:\/\/schema.org\",\"@graph\":[{\"@type\":\"WebPage\",\"@id\":\"https:\/\/www.smallthingsinfocus.de\/smallthings\/ueber-mich\/\",\"url\":\"https:\/\/www.smallthingsinfocus.de\/smallthings\/ueber-mich\/\",\"name\":\"\u00dcber mich - Smallthings in focus\",\"isPartOf\":{\"@id\":\"https:\/\/www.smallthingsinfocus.de\/smallthings\/#website\"},\"datePublished\":\"2021-05-14T10:47:11+00:00\",\"dateModified\":\"2022-01-26T17:56:03+00:00\",\"description\":\"Wer ich bin, was mich bewegt und was der Sinn dieser Seite ist? Wie wurde der Biologe zum Fotografen? Hier liest du es.\",\"breadcrumb\":{\"@id\":\"https:\/\/www.smallthingsinfocus.de\/smallthings\/ueber-mich\/#breadcrumb\"},\"inLanguage\":\"de-DE\",\"potentialAction\":[{\"@type\":\"ReadAction\",\"target\":[\"https:\/\/www.smallthingsinfocus.de\/smallthings\/ueber-mich\/\"]}]},{\"@type\":\"BreadcrumbList\",\"@id\":\"https:\/\/www.smallthingsinfocus.de\/smallthings\/ueber-mich\/#breadcrumb\",\"itemListElement\":[{\"@type\":\"ListItem\",\"position\":1,\"name\":\"Startseite\",\"item\":\"https:\/\/www.smallthingsinfocus.de\/smallthings\/\"},{\"@type\":\"ListItem\",\"position\":2,\"name\":\"\u00dcber mich\"}]},{\"@type\":\"WebSite\",\"@id\":\"https:\/\/www.smallthingsinfocus.de\/smallthings\/#website\",\"url\":\"https:\/\/www.smallthingsinfocus.de\/smallthings\/\",\"name\":\"Smallthings in focus\",\"description\":\"Die Details im Blick\",\"potentialAction\":[{\"@type\":\"SearchAction\",\"target\":{\"@type\":\"EntryPoint\",\"urlTemplate\":\"https:\/\/www.smallthingsinfocus.de\/smallthings\/?s={search_term_string}\"},\"query-input\":\"required name=search_term_string\"}],\"inLanguage\":\"de-DE\"}]}<\/script>\n<!-- \/ Yoast SEO plugin. -->","yoast_head_json":{"title":"\u00dcber mich - Smallthings in focus","description":"Wer ich bin, was mich bewegt und was der Sinn dieser Seite ist? Wie wurde der Biologe zum Fotografen? Hier liest du es.","robots":{"index":"index","follow":"follow","max-snippet":"max-snippet:-1","max-image-preview":"max-image-preview:large","max-video-preview":"max-video-preview:-1"},"canonical":"https:\/\/www.smallthingsinfocus.de\/smallthings\/ueber-mich\/","og_locale":"de_DE","og_type":"article","og_title":"\u00dcber mich - Smallthings in focus","og_description":"Wer ich bin, was mich bewegt und was der Sinn dieser Seite ist? Wie wurde der Biologe zum Fotografen? Hier liest du es.","og_url":"https:\/\/www.smallthingsinfocus.de\/smallthings\/ueber-mich\/","og_site_name":"Smallthings in focus","article_modified_time":"2022-01-26T17:56:03+00:00","twitter_card":"summary_large_image","schema":{"@context":"https:\/\/schema.org","@graph":[{"@type":"WebPage","@id":"https:\/\/www.smallthingsinfocus.de\/smallthings\/ueber-mich\/","url":"https:\/\/www.smallthingsinfocus.de\/smallthings\/ueber-mich\/","name":"\u00dcber mich - Smallthings in focus","isPartOf":{"@id":"https:\/\/www.smallthingsinfocus.de\/smallthings\/#website"},"datePublished":"2021-05-14T10:47:11+00:00","dateModified":"2022-01-26T17:56:03+00:00","description":"Wer ich bin, was mich bewegt und was der Sinn dieser Seite ist? Wie wurde der Biologe zum Fotografen? Hier liest du es.","breadcrumb":{"@id":"https:\/\/www.smallthingsinfocus.de\/smallthings\/ueber-mich\/#breadcrumb"},"inLanguage":"de-DE","potentialAction":[{"@type":"ReadAction","target":["https:\/\/www.smallthingsinfocus.de\/smallthings\/ueber-mich\/"]}]},{"@type":"BreadcrumbList","@id":"https:\/\/www.smallthingsinfocus.de\/smallthings\/ueber-mich\/#breadcrumb","itemListElement":[{"@type":"ListItem","position":1,"name":"Startseite","item":"https:\/\/www.smallthingsinfocus.de\/smallthings\/"},{"@type":"ListItem","position":2,"name":"\u00dcber mich"}]},{"@type":"WebSite","@id":"https:\/\/www.smallthingsinfocus.de\/smallthings\/#website","url":"https:\/\/www.smallthingsinfocus.de\/smallthings\/","name":"Smallthings in focus","description":"Die Details im Blick","potentialAction":[{"@type":"SearchAction","target":{"@type":"EntryPoint","urlTemplate":"https:\/\/www.smallthingsinfocus.de\/smallthings\/?s={search_term_string}"},"query-input":"required name=search_term_string"}],"inLanguage":"de-DE"}]}},"jetpack_sharing_enabled":true,"jetpack-related-posts":[{"id":8,"url":"https:\/\/www.smallthingsinfocus.de\/smallthings\/","url_meta":{"origin":10,"position":0},"title":"Small things and Thoughts","author":"Smallthingsinfocus","date":"Mai 13, 2021","format":false,"excerpt":"Willkommen auf meiner Seite. Hier findet ihr in regelm\u00e4\u00dfigen Abst\u00e4nden Berichte \u00fcber Ameisen, Fotografie und Naturerlebnisse. Wenn ihr immer \u00a0auf dem laufenden sein wollt schaut einfach regelm\u00e4\u00dfig hier vorbei oder abonniert meinen Newsletter. \u00a0","rel":"","context":"\u00c4hnlicher Beitrag","block_context":{"text":"\u00c4hnlicher Beitrag","link":""},"img":{"alt_text":"","src":"","width":0,"height":0},"classes":[]},{"id":249,"url":"https:\/\/www.smallthingsinfocus.de\/smallthings\/affiliate-disclosure\/","url_meta":{"origin":10,"position":1},"title":"Affiliate Disclosure","author":"Smallthingsinfocus","date":"November 21, 2021","format":false,"excerpt":"Effective date - November 21, 2021 Datum des Inkrafttretens - 21. November 2021 Ich \u00a0nutze auf meiner Seite Affiliate Links. Dies bedeutet das ich f\u00fcr Produkte die \u00fcber die auf der Seite angegebenen Links erworben werden eine Kompensation erhalte. Diese Entsch\u00e4digung kann in Form von Geld, Dienstleistungen oder kostenlosen Produkten\u2026","rel":"","context":"\u00c4hnlicher Beitrag","block_context":{"text":"\u00c4hnlicher Beitrag","link":""},"img":{"alt_text":"","src":"","width":0,"height":0},"classes":[]},{"id":243,"url":"https:\/\/www.smallthingsinfocus.de\/smallthings\/privacy-policy\/","url_meta":{"origin":10,"position":2},"title":"Privacy Policy","author":"Smallthingsinfocus","date":"November 21, 2021","format":false,"excerpt":"Begriffsbestimmungen und rechtliche Hinweise Diese Website (oder diese Anwendung) Die Eigenschaft, die die Bereitstellung des Dienstes erm\u00f6glicht. Eigent\u00fcmer (oder Wir) Smallthingsinfocus Photography - Die nat\u00fcrliche oder juristische Person, die diese Website und\/oder den Dienst den Nutzern zur Verf\u00fcgung stellt. Benutzer (oder Sie) Die nat\u00fcrliche oder juristische Person, die diese Website\u2026","rel":"","context":"\u00c4hnlicher Beitrag","block_context":{"text":"\u00c4hnlicher Beitrag","link":""},"img":{"alt_text":"","src":"","width":0,"height":0},"classes":[]},{"id":79,"url":"https:\/\/www.smallthingsinfocus.de\/smallthings\/datenschutzerklaerung\/","url_meta":{"origin":10,"position":3},"title":"Datenschutzerkl\u00e4rung","author":"Smallthingsinfocus","date":"Mai 30, 2021","format":false,"excerpt":"Wer wir sind Die Adresse unserer Website ist: https:\/\/www.smallthingsinfocus.de. Kommentare Wenn Besucher Kommentare auf der Website schreiben, sammeln wir die Daten, die im Kommentar-Formular angezeigt werden, au\u00dferdem die IP-Adresse des Besuchers und den User-Agent-String (damit wird der Browser identifiziert), um die Erkennung von Spam zu unterst\u00fctzen. Aus deiner E-Mail-Adresse kann\u2026","rel":"","context":"\u00c4hnlicher Beitrag","block_context":{"text":"\u00c4hnlicher Beitrag","link":""},"img":{"alt_text":"","src":"","width":0,"height":0},"classes":[]},{"id":242,"url":"https:\/\/www.smallthingsinfocus.de\/smallthings\/datenschutzvereinbarung\/","url_meta":{"origin":10,"position":4},"title":"Datenschutzerkl\u00e4rung","author":"Smallthingsinfocus","date":"November 21, 2021","format":false,"excerpt":"Datum des Inkrafttretens - November 21, 2021 Datenschutzerkl\u00e4rung nach DSGVO smallthingsinfocus Photography (\u201cwir\u201d, \u201cuns\u201d oder \u201cunser\u201d) & https:\/\/www.smallthingsinfocus.de\/smallthings sind verpflichtet, Ihre Privatsph\u00e4re zu respektieren. Diese Datenschutzerkl\u00e4rung informiert Sie dar\u00fcber, wie unsere Organisation Ihre pers\u00f6nlichen Daten, die Sie bei der Nutzung unserer Webseite angeben, sammelt, speichert und nutzt. Behandelte Themen: Welche\u2026","rel":"","context":"\u00c4hnlicher Beitrag","block_context":{"text":"\u00c4hnlicher Beitrag","link":""},"img":{"alt_text":"","src":"","width":0,"height":0},"classes":[]}],"_links":{"self":[{"href":"https:\/\/www.smallthingsinfocus.de\/smallthings\/wp-json\/wp\/v2\/pages\/10"}],"collection":[{"href":"https:\/\/www.smallthingsinfocus.de\/smallthings\/wp-json\/wp\/v2\/pages"}],"about":[{"href":"https:\/\/www.smallthingsinfocus.de\/smallthings\/wp-json\/wp\/v2\/types\/page"}],"author":[{"embeddable":true,"href":"https:\/\/www.smallthingsinfocus.de\/smallthings\/wp-json\/wp\/v2\/users\/1"}],"replies":[{"embeddable":true,"href":"https:\/\/www.smallthingsinfocus.de\/smallthings\/wp-json\/wp\/v2\/comments?post=10"}],"version-history":[{"count":0,"href":"https:\/\/www.smallthingsinfocus.de\/smallthings\/wp-json\/wp\/v2\/pages\/10\/revisions"}],"wp:attachment":[{"href":"https:\/\/www.smallthingsinfocus.de\/smallthings\/wp-json\/wp\/v2\/media?parent=10"}],"curies":[{"name":"wp","href":"https:\/\/api.w.org\/{rel}","templated":true}]}}