{"id":197,"date":"2021-11-15T19:32:58","date_gmt":"2021-11-15T19:32:58","guid":{"rendered":"https:\/\/www.smallthingsinfocus.de\/smallthings\/?page_id=197"},"modified":"2023-05-06T20:27:52","modified_gmt":"2023-05-06T20:27:52","slug":"urban-wildlife","status":"publish","type":"page","link":"https:\/\/www.smallthingsinfocus.de\/smallthings\/urban-wildlife\/","title":{"rendered":"Urban Wildlife"},"content":{"rendered":"<h2><a href=\"https:\/\/www.smallthingsinfocus.de\/smallthings\/urban-wildlife\/\">Urban Wildlife<\/a><\/h2>\n<style type=\"text\/css\">\r\n\t#foogallery-gallery-195 .fg-image {\r\n        width: 150px;\r\n    }\r\n<\/style>\r\n\t\t\t\t<div class=\"foogallery foogallery-container foogallery-default foogallery-lightbox-foobox fg-gutter-15 fg-center fg-default fg-light fg-border-thin fg-shadow-outline fg-loading-default fg-loaded-fade-in fg-caption-hover fg-hover-fade fg-hover-zoom fg-ready\" id=\"foogallery-gallery-195\" data-foogallery=\"{&quot;item&quot;:{&quot;showCaptionTitle&quot;:true,&quot;showCaptionDescription&quot;:true},&quot;lazy&quot;:true}\" >\r\n\t<div class=\"fg-item fg-type-image fg-idle\"><figure class=\"fg-item-inner\"><a href=\"https:\/\/www.smallthingsinfocus.de\/smallthings\/wp-content\/uploads\/2021\/11\/Fuchs-scaled.jpeg\" data-caption-title=\"Auge in Auge mit einem Berliner Fuchs\" data-caption-desc=\"In Berlin kann man einen Fuchs auch mal direkt vor den F\u00fc\u00dfen zu einem Shooting treffen.\" data-attachment-id=\"196\" data-type=\"image\" class=\"fg-thumb\"><span class=\"fg-image-wrap\"><img decoding=\"async\" alt=\"Berliner Fuchs im Portrait\" title=\"Auge in Auge mit einem Berliner Fuchs\" width=\"150\" height=\"150\" class=\"skip-lazy fg-image\" data-src-fg=\"https:\/\/www.smallthingsinfocus.de\/smallthings\/wp-content\/uploads\/cache\/2021\/11\/Fuchs-scaled\/1088276516.jpeg\" data-srcset-fg=\"https:\/\/www.smallthingsinfocus.de\/smallthings\/wp-content\/uploads\/cache\/2021\/11\/Fuchs-scaled\/136206409.jpeg 2x,https:\/\/www.smallthingsinfocus.de\/smallthings\/wp-content\/uploads\/cache\/2021\/11\/Fuchs-scaled\/3909195974.jpeg 3x\" src=\"data:image\/svg+xml,%3Csvg%20xmlns%3D%22http%3A%2F%2Fwww.w3.org%2F2000%2Fsvg%22%20width%3D%22150%22%20height%3D%22150%22%20viewBox%3D%220%200%20150%20150%22%3E%3C%2Fsvg%3E\" loading=\"eager\"><\/span><span class=\"fg-image-overlay\"><\/span><\/a><figcaption class=\"fg-caption\"><div class=\"fg-caption-inner\"><div class=\"fg-caption-title\">Auge in Auge mit einem Berliner Fuchs<\/div><div class=\"fg-caption-desc\">In Berlin kann man einen Fuchs auch mal direkt vor den F\u00fc\u00dfen zu einem Shooting treffen.<\/div><\/div><\/figcaption><\/figure><div class=\"fg-loader\"><\/div><\/div><div class=\"fg-item fg-type-image fg-idle\"><figure class=\"fg-item-inner\"><a href=\"https:\/\/www.smallthingsinfocus.de\/smallthings\/wp-content\/uploads\/2021\/05\/feuerwanzenpaarung_logo-scaled.jpg\" data-caption-desc=\"Sobald es wieder warm wird beginnen die rotgef\u00e4rbten Feuerwanzen( Pyrrhocoris apterus) mit der Paarung\" data-attachment-id=\"103\" data-type=\"image\" class=\"fg-thumb\"><span class=\"fg-image-wrap\"><img decoding=\"async\" alt=\"Feuerwanzen bei der sommerlichen Paarung\" width=\"150\" height=\"150\" class=\"skip-lazy fg-image\" data-src-fg=\"https:\/\/www.smallthingsinfocus.de\/smallthings\/wp-content\/uploads\/cache\/2021\/05\/feuerwanzenpaarung_logo-scaled\/3070245706.jpg\" data-srcset-fg=\"https:\/\/www.smallthingsinfocus.de\/smallthings\/wp-content\/uploads\/cache\/2021\/05\/feuerwanzenpaarung_logo-scaled\/2338329668.jpg 2x,https:\/\/www.smallthingsinfocus.de\/smallthings\/wp-content\/uploads\/cache\/2021\/05\/feuerwanzenpaarung_logo-scaled\/128330264.jpg 3x\" src=\"data:image\/svg+xml,%3Csvg%20xmlns%3D%22http%3A%2F%2Fwww.w3.org%2F2000%2Fsvg%22%20width%3D%22150%22%20height%3D%22150%22%20viewBox%3D%220%200%20150%20150%22%3E%3C%2Fsvg%3E\" loading=\"eager\"><\/span><span class=\"fg-image-overlay\"><\/span><\/a><figcaption class=\"fg-caption\"><div class=\"fg-caption-inner\"><div class=\"fg-caption-desc\">Sobald es wieder warm wird beginnen die rotgef\u00e4rbten Feuerwanzen( Pyrrhocoris apterus) mit der Paarung<\/div><\/div><\/figcaption><\/figure><div class=\"fg-loader\"><\/div><\/div><div class=\"fg-item fg-type-image fg-idle\"><figure class=\"fg-item-inner\"><a href=\"https:\/\/www.smallthingsinfocus.de\/smallthings\/wp-content\/uploads\/2021\/05\/Lasius-niger-mit-Milbe-scaled.jpg\" data-caption-title=\"Lasius niger\" data-caption-desc=\"Die schwarze Wegameise (Lasius niger) ist ein st\u00e4ndiger Begleiter auf den Gehwegen urbaner H\u00e4userschluchten.\" data-attachment-id=\"104\" data-type=\"image\" class=\"fg-thumb\"><span class=\"fg-image-wrap\"><img decoding=\"async\" alt=\"Lasius niger mit einer Milbe\" title=\"Lasius niger\" width=\"150\" height=\"150\" class=\"skip-lazy fg-image\" data-src-fg=\"https:\/\/www.smallthingsinfocus.de\/smallthings\/wp-content\/uploads\/cache\/2021\/05\/Lasius-niger-mit-Milbe-scaled\/2384017120.jpg\" data-srcset-fg=\"https:\/\/www.smallthingsinfocus.de\/smallthings\/wp-content\/uploads\/cache\/2021\/05\/Lasius-niger-mit-Milbe-scaled\/3990022596.jpg 2x,https:\/\/www.smallthingsinfocus.de\/smallthings\/wp-content\/uploads\/cache\/2021\/05\/Lasius-niger-mit-Milbe-scaled\/4170204826.jpg 3x\" src=\"data:image\/svg+xml,%3Csvg%20xmlns%3D%22http%3A%2F%2Fwww.w3.org%2F2000%2Fsvg%22%20width%3D%22150%22%20height%3D%22150%22%20viewBox%3D%220%200%20150%20150%22%3E%3C%2Fsvg%3E\" loading=\"eager\"><\/span><span class=\"fg-image-overlay\"><\/span><\/a><figcaption class=\"fg-caption\"><div class=\"fg-caption-inner\"><div class=\"fg-caption-title\">Lasius niger<\/div><div class=\"fg-caption-desc\">Die schwarze Wegameise (Lasius niger) ist ein st\u00e4ndiger Begleiter auf den Gehwegen urbaner H\u00e4userschluchten.<\/div><\/div><\/figcaption><\/figure><div class=\"fg-loader\"><\/div><\/div><\/div>\r\n\n\n\n<ul class=\"wp-block-social-links is-content-justification-right is-layout-flex wp-container-core-social-links-layout-1 wp-block-social-links-is-layout-flex\"><li class=\"wp-social-link wp-social-link-pinterest  wp-block-social-link\"><a href=\"https:\/\/www.pinterest.de\/pin-builder\/\" class=\"wp-block-social-link-anchor\"><svg width=\"24\" height=\"24\" viewBox=\"0 0 24 24\" version=\"1.1\" xmlns=\"http:\/\/www.w3.org\/2000\/svg\" aria-hidden=\"true\" focusable=\"false\"><path d=\"M12.289,2C6.617,2,3.606,5.648,3.606,9.622c0,1.846,1.025,4.146,2.666,4.878c0.25,0.111,0.381,0.063,0.439-0.169 c0.044-0.175,0.267-1.029,0.365-1.428c0.032-0.128,0.017-0.237-0.091-0.362C6.445,11.911,6.01,10.75,6.01,9.668 c0-2.777,2.194-5.464,5.933-5.464c3.23,0,5.49,2.108,5.49,5.122c0,3.407-1.794,5.768-4.13,5.768c-1.291,0-2.257-1.021-1.948-2.277 c0.372-1.495,1.089-3.112,1.089-4.191c0-0.967-0.542-1.775-1.663-1.775c-1.319,0-2.379,1.309-2.379,3.059 c0,1.115,0.394,1.869,0.394,1.869s-1.302,5.279-1.54,6.261c-0.405,1.666,0.053,4.368,0.094,4.604 c0.021,0.126,0.167,0.169,0.25,0.063c0.129-0.165,1.699-2.419,2.142-4.051c0.158-0.59,0.817-2.995,0.817-2.995 c0.43,0.784,1.681,1.446,3.013,1.446c3.963,0,6.822-3.494,6.822-7.833C20.394,5.112,16.849,2,12.289,2\"><\/path><\/svg><span class=\"wp-block-social-link-label screen-reader-text\">Pinterest<\/span><\/a><\/li>\n\n<li class=\"wp-social-link wp-social-link-twitter  wp-block-social-link\"><a href=\"https:\/\/twitter.com\" class=\"wp-block-social-link-anchor\"><svg width=\"24\" height=\"24\" viewBox=\"0 0 24 24\" version=\"1.1\" xmlns=\"http:\/\/www.w3.org\/2000\/svg\" aria-hidden=\"true\" focusable=\"false\"><path d=\"M22.23,5.924c-0.736,0.326-1.527,0.547-2.357,0.646c0.847-0.508,1.498-1.312,1.804-2.27 c-0.793,0.47-1.671,0.812-2.606,0.996C18.324,4.498,17.257,4,16.077,4c-2.266,0-4.103,1.837-4.103,4.103 c0,0.322,0.036,0.635,0.106,0.935C8.67,8.867,5.647,7.234,3.623,4.751C3.27,5.357,3.067,6.062,3.067,6.814 c0,1.424,0.724,2.679,1.825,3.415c-0.673-0.021-1.305-0.206-1.859-0.513c0,0.017,0,0.034,0,0.052c0,1.988,1.414,3.647,3.292,4.023 c-0.344,0.094-0.707,0.144-1.081,0.144c-0.264,0-0.521-0.026-0.772-0.074c0.522,1.63,2.038,2.816,3.833,2.85 c-1.404,1.1-3.174,1.756-5.096,1.756c-0.331,0-0.658-0.019-0.979-0.057c1.816,1.164,3.973,1.843,6.29,1.843 c7.547,0,11.675-6.252,11.675-11.675c0-0.178-0.004-0.355-0.012-0.531C20.985,7.47,21.68,6.747,22.23,5.924z\"><\/path><\/svg><span class=\"wp-block-social-link-label screen-reader-text\">Twitter<\/span><\/a><\/li><\/ul>\n","protected":false},"excerpt":{"rendered":"<p>Urban Wildlife<\/p>\n","protected":false},"author":1,"featured_media":0,"parent":0,"menu_order":0,"comment_status":"closed","ping_status":"closed","template":"","meta":{"footnotes":""},"yoast_head":"<!-- This site is optimized with the Yoast SEO plugin v21.7 - https:\/\/yoast.com\/wordpress\/plugins\/seo\/ -->\n<title>Urban Wildlife - Smallthings in focus<\/title>\n<meta name=\"description\" content=\"Eine Entdeckungsreise durch die sichtbare und geheime Tierwelt in der Stadt. Von den allseits sichtbaren V\u00f6geln, \u00fcber S\u00e4uger hinzu Insekten.\" \/>\n<meta name=\"robots\" content=\"index, follow, max-snippet:-1, max-image-preview:large, max-video-preview:-1\" \/>\n<link rel=\"canonical\" href=\"https:\/\/www.smallthingsinfocus.de\/smallthings\/urban-wildlife\/\" \/>\n<meta property=\"og:locale\" content=\"de_DE\" \/>\n<meta property=\"og:type\" content=\"article\" \/>\n<meta property=\"og:title\" content=\"Urban Wildlife - Smallthings in focus\" \/>\n<meta property=\"og:description\" content=\"Eine Entdeckungsreise durch die sichtbare und geheime Tierwelt in der Stadt. Von den allseits sichtbaren V\u00f6geln, \u00fcber S\u00e4uger hinzu Insekten.\" \/>\n<meta property=\"og:url\" content=\"https:\/\/www.smallthingsinfocus.de\/smallthings\/urban-wildlife\/\" \/>\n<meta property=\"og:site_name\" content=\"Smallthings in focus\" \/>\n<meta property=\"article:modified_time\" content=\"2023-05-06T20:27:52+00:00\" \/>\n<meta name=\"twitter:card\" content=\"summary_large_image\" \/>\n<meta name=\"twitter:label1\" content=\"Gesch\u00e4tzte Lesezeit\" \/>\n\t<meta name=\"twitter:data1\" content=\"1 Minute\" \/>\n<script type=\"application\/ld+json\" class=\"yoast-schema-graph\">{\"@context\":\"https:\/\/schema.org\",\"@graph\":[{\"@type\":\"WebPage\",\"@id\":\"https:\/\/www.smallthingsinfocus.de\/smallthings\/urban-wildlife\/\",\"url\":\"https:\/\/www.smallthingsinfocus.de\/smallthings\/urban-wildlife\/\",\"name\":\"Urban Wildlife - Smallthings in focus\",\"isPartOf\":{\"@id\":\"https:\/\/www.smallthingsinfocus.de\/smallthings\/#website\"},\"datePublished\":\"2021-11-15T19:32:58+00:00\",\"dateModified\":\"2023-05-06T20:27:52+00:00\",\"description\":\"Eine Entdeckungsreise durch die sichtbare und geheime Tierwelt in der Stadt. Von den allseits sichtbaren V\u00f6geln, \u00fcber S\u00e4uger hinzu Insekten.\",\"breadcrumb\":{\"@id\":\"https:\/\/www.smallthingsinfocus.de\/smallthings\/urban-wildlife\/#breadcrumb\"},\"inLanguage\":\"de-DE\",\"potentialAction\":[{\"@type\":\"ReadAction\",\"target\":[\"https:\/\/www.smallthingsinfocus.de\/smallthings\/urban-wildlife\/\"]}]},{\"@type\":\"BreadcrumbList\",\"@id\":\"https:\/\/www.smallthingsinfocus.de\/smallthings\/urban-wildlife\/#breadcrumb\",\"itemListElement\":[{\"@type\":\"ListItem\",\"position\":1,\"name\":\"Startseite\",\"item\":\"https:\/\/www.smallthingsinfocus.de\/smallthings\/\"},{\"@type\":\"ListItem\",\"position\":2,\"name\":\"Urban Wildlife\"}]},{\"@type\":\"WebSite\",\"@id\":\"https:\/\/www.smallthingsinfocus.de\/smallthings\/#website\",\"url\":\"https:\/\/www.smallthingsinfocus.de\/smallthings\/\",\"name\":\"Smallthings in focus\",\"description\":\"Die Details im Blick\",\"potentialAction\":[{\"@type\":\"SearchAction\",\"target\":{\"@type\":\"EntryPoint\",\"urlTemplate\":\"https:\/\/www.smallthingsinfocus.de\/smallthings\/?s={search_term_string}\"},\"query-input\":\"required name=search_term_string\"}],\"inLanguage\":\"de-DE\"}]}<\/script>\n<!-- \/ Yoast SEO plugin. -->","yoast_head_json":{"title":"Urban Wildlife - Smallthings in focus","description":"Eine Entdeckungsreise durch die sichtbare und geheime Tierwelt in der Stadt. Von den allseits sichtbaren V\u00f6geln, \u00fcber S\u00e4uger hinzu Insekten.","robots":{"index":"index","follow":"follow","max-snippet":"max-snippet:-1","max-image-preview":"max-image-preview:large","max-video-preview":"max-video-preview:-1"},"canonical":"https:\/\/www.smallthingsinfocus.de\/smallthings\/urban-wildlife\/","og_locale":"de_DE","og_type":"article","og_title":"Urban Wildlife - Smallthings in focus","og_description":"Eine Entdeckungsreise durch die sichtbare und geheime Tierwelt in der Stadt. Von den allseits sichtbaren V\u00f6geln, \u00fcber S\u00e4uger hinzu Insekten.","og_url":"https:\/\/www.smallthingsinfocus.de\/smallthings\/urban-wildlife\/","og_site_name":"Smallthings in focus","article_modified_time":"2023-05-06T20:27:52+00:00","twitter_card":"summary_large_image","twitter_misc":{"Gesch\u00e4tzte Lesezeit":"1 Minute"},"schema":{"@context":"https:\/\/schema.org","@graph":[{"@type":"WebPage","@id":"https:\/\/www.smallthingsinfocus.de\/smallthings\/urban-wildlife\/","url":"https:\/\/www.smallthingsinfocus.de\/smallthings\/urban-wildlife\/","name":"Urban Wildlife - Smallthings in focus","isPartOf":{"@id":"https:\/\/www.smallthingsinfocus.de\/smallthings\/#website"},"datePublished":"2021-11-15T19:32:58+00:00","dateModified":"2023-05-06T20:27:52+00:00","description":"Eine Entdeckungsreise durch die sichtbare und geheime Tierwelt in der Stadt. Von den allseits sichtbaren V\u00f6geln, \u00fcber S\u00e4uger hinzu Insekten.","breadcrumb":{"@id":"https:\/\/www.smallthingsinfocus.de\/smallthings\/urban-wildlife\/#breadcrumb"},"inLanguage":"de-DE","potentialAction":[{"@type":"ReadAction","target":["https:\/\/www.smallthingsinfocus.de\/smallthings\/urban-wildlife\/"]}]},{"@type":"BreadcrumbList","@id":"https:\/\/www.smallthingsinfocus.de\/smallthings\/urban-wildlife\/#breadcrumb","itemListElement":[{"@type":"ListItem","position":1,"name":"Startseite","item":"https:\/\/www.smallthingsinfocus.de\/smallthings\/"},{"@type":"ListItem","position":2,"name":"Urban Wildlife"}]},{"@type":"WebSite","@id":"https:\/\/www.smallthingsinfocus.de\/smallthings\/#website","url":"https:\/\/www.smallthingsinfocus.de\/smallthings\/","name":"Smallthings in focus","description":"Die Details im Blick","potentialAction":[{"@type":"SearchAction","target":{"@type":"EntryPoint","urlTemplate":"https:\/\/www.smallthingsinfocus.de\/smallthings\/?s={search_term_string}"},"query-input":"required name=search_term_string"}],"inLanguage":"de-DE"}]}},"jetpack_sharing_enabled":true,"jetpack-related-posts":[{"id":21,"url":"https:\/\/www.smallthingsinfocus.de\/smallthings\/ameisen\/","url_meta":{"origin":197,"position":0},"title":"Ameisen","author":"Smallthingsinfocus","date":"Mai 13, 2021","format":false,"excerpt":"","rel":"","context":"\u00c4hnlicher Beitrag","block_context":{"text":"\u00c4hnlicher Beitrag","link":""},"img":{"alt_text":"","src":"","width":0,"height":0},"classes":[]},{"id":28,"url":"https:\/\/www.smallthingsinfocus.de\/smallthings\/galerie\/nature\/","url_meta":{"origin":197,"position":1},"title":"Nature","author":"Smallthingsinfocus","date":"Mai 13, 2021","format":false,"excerpt":"Nature \u00a0 \u00a0","rel":"","context":"\u00c4hnlicher Beitrag","block_context":{"text":"\u00c4hnlicher Beitrag","link":""},"img":{"alt_text":"","src":"","width":0,"height":0},"classes":[]},{"id":572,"url":"https:\/\/www.smallthingsinfocus.de\/smallthings\/ameisen-2\/","url_meta":{"origin":197,"position":2},"title":"Ameisen","author":"Smallthingsinfocus","date":"Dezember 10, 2021","format":false,"excerpt":"Ameisen","rel":"","context":"\u00c4hnlicher Beitrag","block_context":{"text":"\u00c4hnlicher Beitrag","link":""},"img":{"alt_text":"","src":"","width":0,"height":0},"classes":[]},{"id":772,"url":"https:\/\/www.smallthingsinfocus.de\/smallthings\/uv-fotografie\/","url_meta":{"origin":197,"position":3},"title":"UV Fotografie","author":"Smallthingsinfocus","date":"April 28, 2023","format":false,"excerpt":"","rel":"","context":"\u00c4hnlicher Beitrag","block_context":{"text":"\u00c4hnlicher Beitrag","link":""},"img":{"alt_text":"","src":"","width":0,"height":0},"classes":[]},{"id":309,"url":"https:\/\/www.smallthingsinfocus.de\/smallthings\/galerie\/","url_meta":{"origin":197,"position":4},"title":"Galerie","author":"Smallthingsinfocus","date":"November 24, 2021","format":false,"excerpt":"Urbanwildlife Ameisen Natur","rel":"","context":"\u00c4hnlicher Beitrag","block_context":{"text":"\u00c4hnlicher Beitrag","link":""},"img":{"alt_text":"Berliner Fuchs im Portrait","src":"https:\/\/i0.wp.com\/www.smallthingsinfocus.de\/smallthings\/wp-content\/uploads\/2021\/11\/Fuchs-scaled.jpeg?resize=350%2C200&ssl=1","width":350,"height":200,"srcset":"https:\/\/i0.wp.com\/www.smallthingsinfocus.de\/smallthings\/wp-content\/uploads\/2021\/11\/Fuchs-scaled.jpeg?resize=350%2C200&ssl=1 1x, https:\/\/i0.wp.com\/www.smallthingsinfocus.de\/smallthings\/wp-content\/uploads\/2021\/11\/Fuchs-scaled.jpeg?resize=525%2C300&ssl=1 1.5x, https:\/\/i0.wp.com\/www.smallthingsinfocus.de\/smallthings\/wp-content\/uploads\/2021\/11\/Fuchs-scaled.jpeg?resize=700%2C400&ssl=1 2x, https:\/\/i0.wp.com\/www.smallthingsinfocus.de\/smallthings\/wp-content\/uploads\/2021\/11\/Fuchs-scaled.jpeg?resize=1050%2C600&ssl=1 3x, https:\/\/i0.wp.com\/www.smallthingsinfocus.de\/smallthings\/wp-content\/uploads\/2021\/11\/Fuchs-scaled.jpeg?resize=1400%2C800&ssl=1 4x"},"classes":[]},{"id":200,"url":"https:\/\/www.smallthingsinfocus.de\/smallthings\/newsletter\/","url_meta":{"origin":197,"position":5},"title":"Newsletter Anmeldung","author":"Smallthingsinfocus","date":"November 17, 2021","format":false,"excerpt":"Newsletter - Immer auf dem neusten Stand!","rel":"","context":"\u00c4hnlicher Beitrag","block_context":{"text":"\u00c4hnlicher Beitrag","link":""},"img":{"alt_text":"","src":"","width":0,"height":0},"classes":[]}],"_links":{"self":[{"href":"https:\/\/www.smallthingsinfocus.de\/smallthings\/wp-json\/wp\/v2\/pages\/197"}],"collection":[{"href":"https:\/\/www.smallthingsinfocus.de\/smallthings\/wp-json\/wp\/v2\/pages"}],"about":[{"href":"https:\/\/www.smallthingsinfocus.de\/smallthings\/wp-json\/wp\/v2\/types\/page"}],"author":[{"embeddable":true,"href":"https:\/\/www.smallthingsinfocus.de\/smallthings\/wp-json\/wp\/v2\/users\/1"}],"replies":[{"embeddable":true,"href":"https:\/\/www.smallthingsinfocus.de\/smallthings\/wp-json\/wp\/v2\/comments?post=197"}],"version-history":[{"count":4,"href":"https:\/\/www.smallthingsinfocus.de\/smallthings\/wp-json\/wp\/v2\/pages\/197\/revisions"}],"predecessor-version":[{"id":802,"href":"https:\/\/www.smallthingsinfocus.de\/smallthings\/wp-json\/wp\/v2\/pages\/197\/revisions\/802"}],"wp:attachment":[{"href":"https:\/\/www.smallthingsinfocus.de\/smallthings\/wp-json\/wp\/v2\/media?parent=197"}],"curies":[{"name":"wp","href":"https:\/\/api.w.org\/{rel}","templated":true}]}}