{"id":249,"date":"2021-11-21T00:31:51","date_gmt":"2021-11-21T00:31:51","guid":{"rendered":"https:\/\/www.smallthingsinfocus.de\/smallthings\/affiliate-disclosure\/"},"modified":"2021-11-27T10:01:23","modified_gmt":"2021-11-27T10:01:23","slug":"affiliate-disclosure","status":"publish","type":"page","link":"https:\/\/www.smallthingsinfocus.de\/smallthings\/affiliate-disclosure\/","title":{"rendered":"Affiliate Disclosure"},"content":{"rendered":"\t\t<div data-elementor-type=\"wp-page\" data-elementor-id=\"249\" class=\"elementor elementor-249\">\n\t\t\t\t\t\t<section class=\"elementor-section elementor-top-section elementor-element elementor-element-742de29b elementor-section-boxed elementor-section-height-default elementor-section-height-default\" data-id=\"742de29b\" data-element_type=\"section\">\n\t\t\t\t\t\t<div class=\"elementor-container elementor-column-gap-default\">\n\t\t\t\t\t<div class=\"elementor-column elementor-col-100 elementor-top-column elementor-element elementor-element-730e13ee\" data-id=\"730e13ee\" data-element_type=\"column\">\n\t\t\t<div class=\"elementor-widget-wrap elementor-element-populated\">\n\t\t\t\t\t\t<div class=\"elementor-element elementor-element-7c266c7b elementor-widget elementor-widget-text-editor\" data-id=\"7c266c7b\" data-element_type=\"widget\" data-widget_type=\"text-editor.default\">\n\t\t\t\t<div class=\"elementor-widget-container\">\n\t\t\t\t\t\t\t\t\t<p>Effective date &#8211; November 21, 2021<\/p>\n<p>Datum des Inkrafttretens &#8211; 21. November 2021<\/p>\n<p>Ich &nbsp;nutze auf meiner Seite Affiliate Links. Dies bedeutet das ich f\u00fcr Produkte die \u00fcber die auf der Seite angegebenen Links erworben werden eine Kompensation erhalte.<\/p>\n<p>Diese Entsch\u00e4digung kann in Form von Geld, Dienstleistungen oder kostenlosen Produkten erfolgen und ohne Ma\u00dfnahmen eines Website-Besuchers bestehen. Sollten Sie ein Produkt oder eine Dienstleistung kaufen, die von https:\/\/www.smallthingsinfocus.de\/ empfohlen wurde, wird davon ausgegangen, dass eine Form der Entsch\u00e4digung an den Eigent\u00fcmer von https:\/\/www.smallthingsinfocus.de\/ gezahlt werden kann. Durch die Nutzung dieser Angebote unterst\u00fctzt du diese Seite bei ihrem Aufbau und Fortbestand.<\/p>\n<p>&nbsp;<\/p>\n\n<p>smallthingsinfocus.de is a participant in the Amazon Services LLC Associates Program, an affiliate advertising program designed to provide a means for sites to earn commission fees by advertising and linking to the following web sites. <\/p>\n<ul class='associates-list'>\n<li>www.amazon.de<\/li>\n<\/ul>\n<p>Product prices and availability are accurate as of the date\/time indicated and are subject to change. Any price and availability information displayed on [relevant Amazon Site(s), as applicable] at the time of purchase will apply to the purchase of this product.<\/p>\n\t\t\t\t\t\t\t\t<\/div>\n\t\t\t\t<\/div>\n\t\t\t\t\t<\/div>\n\t\t<\/div>\n\t\t\t\t\t<\/div>\n\t\t<\/section>\n\t\t\t\t<\/div>\n\t\t","protected":false},"excerpt":{"rendered":"<p>Effective date &#8211; November 21, 2021 Datum des Inkrafttretens &#8211; 21. November 2021 Ich &nbsp;nutze auf meiner Seite Affiliate Links. Dies bedeutet das ich f\u00fcr Produkte die \u00fcber die auf der Seite angegebenen Links erworben werden eine Kompensation erhalte. Diese Entsch\u00e4digung kann in Form von &hellip; <a href=\"https:\/\/www.smallthingsinfocus.de\/smallthings\/affiliate-disclosure\/\" class=\"more-link\"><span>weiterlesen<span class=\"screen-reader-text\">Affiliate Disclosure<\/span><\/span><\/a><\/p>\n","protected":false},"author":1,"featured_media":0,"parent":0,"menu_order":0,"comment_status":"closed","ping_status":"closed","template":"","meta":{"footnotes":""},"yoast_head":"<!-- This site is optimized with the Yoast SEO plugin v21.7 - https:\/\/yoast.com\/wordpress\/plugins\/seo\/ -->\n<title>Affiliate Disclosure - Smallthings in focus<\/title>\n<meta name=\"robots\" content=\"index, follow, max-snippet:-1, max-image-preview:large, max-video-preview:-1\" \/>\n<link rel=\"canonical\" href=\"https:\/\/www.smallthingsinfocus.de\/smallthings\/affiliate-disclosure\/\" \/>\n<meta property=\"og:locale\" content=\"de_DE\" \/>\n<meta property=\"og:type\" content=\"article\" \/>\n<meta property=\"og:title\" content=\"Affiliate Disclosure - Smallthings in focus\" \/>\n<meta property=\"og:description\" content=\"Effective date &#8211; November 21, 2021 Datum des Inkrafttretens &#8211; 21. November 2021 Ich &nbsp;nutze auf meiner Seite Affiliate Links. Dies bedeutet das ich f\u00fcr Produkte die \u00fcber die auf der Seite angegebenen Links erworben werden eine Kompensation erhalte. Diese Entsch\u00e4digung kann in Form von &hellip; weiterlesenAffiliate Disclosure\" \/>\n<meta property=\"og:url\" content=\"https:\/\/www.smallthingsinfocus.de\/smallthings\/affiliate-disclosure\/\" \/>\n<meta property=\"og:site_name\" content=\"Smallthings in focus\" \/>\n<meta property=\"article:modified_time\" content=\"2021-11-27T10:01:23+00:00\" \/>\n<meta name=\"twitter:card\" content=\"summary_large_image\" \/>\n<meta name=\"twitter:label1\" content=\"Gesch\u00e4tzte Lesezeit\" \/>\n\t<meta name=\"twitter:data1\" content=\"1 Minute\" \/>\n<script type=\"application\/ld+json\" class=\"yoast-schema-graph\">{\"@context\":\"https:\/\/schema.org\",\"@graph\":[{\"@type\":\"WebPage\",\"@id\":\"https:\/\/www.smallthingsinfocus.de\/smallthings\/affiliate-disclosure\/\",\"url\":\"https:\/\/www.smallthingsinfocus.de\/smallthings\/affiliate-disclosure\/\",\"name\":\"Affiliate Disclosure - Smallthings in focus\",\"isPartOf\":{\"@id\":\"https:\/\/www.smallthingsinfocus.de\/smallthings\/#website\"},\"datePublished\":\"2021-11-21T00:31:51+00:00\",\"dateModified\":\"2021-11-27T10:01:23+00:00\",\"breadcrumb\":{\"@id\":\"https:\/\/www.smallthingsinfocus.de\/smallthings\/affiliate-disclosure\/#breadcrumb\"},\"inLanguage\":\"de-DE\",\"potentialAction\":[{\"@type\":\"ReadAction\",\"target\":[\"https:\/\/www.smallthingsinfocus.de\/smallthings\/affiliate-disclosure\/\"]}]},{\"@type\":\"BreadcrumbList\",\"@id\":\"https:\/\/www.smallthingsinfocus.de\/smallthings\/affiliate-disclosure\/#breadcrumb\",\"itemListElement\":[{\"@type\":\"ListItem\",\"position\":1,\"name\":\"Startseite\",\"item\":\"https:\/\/www.smallthingsinfocus.de\/smallthings\/\"},{\"@type\":\"ListItem\",\"position\":2,\"name\":\"Affiliate Disclosure\"}]},{\"@type\":\"WebSite\",\"@id\":\"https:\/\/www.smallthingsinfocus.de\/smallthings\/#website\",\"url\":\"https:\/\/www.smallthingsinfocus.de\/smallthings\/\",\"name\":\"Smallthings in focus\",\"description\":\"Die Details im Blick\",\"potentialAction\":[{\"@type\":\"SearchAction\",\"target\":{\"@type\":\"EntryPoint\",\"urlTemplate\":\"https:\/\/www.smallthingsinfocus.de\/smallthings\/?s={search_term_string}\"},\"query-input\":\"required name=search_term_string\"}],\"inLanguage\":\"de-DE\"}]}<\/script>\n<!-- \/ Yoast SEO plugin. -->","yoast_head_json":{"title":"Affiliate Disclosure - Smallthings in focus","robots":{"index":"index","follow":"follow","max-snippet":"max-snippet:-1","max-image-preview":"max-image-preview:large","max-video-preview":"max-video-preview:-1"},"canonical":"https:\/\/www.smallthingsinfocus.de\/smallthings\/affiliate-disclosure\/","og_locale":"de_DE","og_type":"article","og_title":"Affiliate Disclosure - Smallthings in focus","og_description":"Effective date &#8211; November 21, 2021 Datum des Inkrafttretens &#8211; 21. November 2021 Ich &nbsp;nutze auf meiner Seite Affiliate Links. Dies bedeutet das ich f\u00fcr Produkte die \u00fcber die auf der Seite angegebenen Links erworben werden eine Kompensation erhalte. Diese Entsch\u00e4digung kann in Form von &hellip; weiterlesenAffiliate Disclosure","og_url":"https:\/\/www.smallthingsinfocus.de\/smallthings\/affiliate-disclosure\/","og_site_name":"Smallthings in focus","article_modified_time":"2021-11-27T10:01:23+00:00","twitter_card":"summary_large_image","twitter_misc":{"Gesch\u00e4tzte Lesezeit":"1 Minute"},"schema":{"@context":"https:\/\/schema.org","@graph":[{"@type":"WebPage","@id":"https:\/\/www.smallthingsinfocus.de\/smallthings\/affiliate-disclosure\/","url":"https:\/\/www.smallthingsinfocus.de\/smallthings\/affiliate-disclosure\/","name":"Affiliate Disclosure - Smallthings in focus","isPartOf":{"@id":"https:\/\/www.smallthingsinfocus.de\/smallthings\/#website"},"datePublished":"2021-11-21T00:31:51+00:00","dateModified":"2021-11-27T10:01:23+00:00","breadcrumb":{"@id":"https:\/\/www.smallthingsinfocus.de\/smallthings\/affiliate-disclosure\/#breadcrumb"},"inLanguage":"de-DE","potentialAction":[{"@type":"ReadAction","target":["https:\/\/www.smallthingsinfocus.de\/smallthings\/affiliate-disclosure\/"]}]},{"@type":"BreadcrumbList","@id":"https:\/\/www.smallthingsinfocus.de\/smallthings\/affiliate-disclosure\/#breadcrumb","itemListElement":[{"@type":"ListItem","position":1,"name":"Startseite","item":"https:\/\/www.smallthingsinfocus.de\/smallthings\/"},{"@type":"ListItem","position":2,"name":"Affiliate Disclosure"}]},{"@type":"WebSite","@id":"https:\/\/www.smallthingsinfocus.de\/smallthings\/#website","url":"https:\/\/www.smallthingsinfocus.de\/smallthings\/","name":"Smallthings in focus","description":"Die Details im Blick","potentialAction":[{"@type":"SearchAction","target":{"@type":"EntryPoint","urlTemplate":"https:\/\/www.smallthingsinfocus.de\/smallthings\/?s={search_term_string}"},"query-input":"required name=search_term_string"}],"inLanguage":"de-DE"}]}},"jetpack_sharing_enabled":true,"jetpack-related-posts":[{"id":242,"url":"https:\/\/www.smallthingsinfocus.de\/smallthings\/datenschutzvereinbarung\/","url_meta":{"origin":249,"position":0},"title":"Datenschutzerkl\u00e4rung","author":"Smallthingsinfocus","date":"November 21, 2021","format":false,"excerpt":"Datum des Inkrafttretens - November 21, 2021 Datenschutzerkl\u00e4rung nach DSGVO smallthingsinfocus Photography (\u201cwir\u201d, \u201cuns\u201d oder \u201cunser\u201d) & https:\/\/www.smallthingsinfocus.de\/smallthings sind verpflichtet, Ihre Privatsph\u00e4re zu respektieren. Diese Datenschutzerkl\u00e4rung informiert Sie dar\u00fcber, wie unsere Organisation Ihre pers\u00f6nlichen Daten, die Sie bei der Nutzung unserer Webseite angeben, sammelt, speichert und nutzt. Behandelte Themen: Welche\u2026","rel":"","context":"\u00c4hnlicher Beitrag","block_context":{"text":"\u00c4hnlicher Beitrag","link":""},"img":{"alt_text":"","src":"","width":0,"height":0},"classes":[]},{"id":299,"url":"https:\/\/www.smallthingsinfocus.de\/smallthings\/affiliate-disclosure-2\/","url_meta":{"origin":249,"position":1},"title":"Affiliate Disclosure","author":"Smallthingsinfocus","date":"November 23, 2021","format":false,"excerpt":"","rel":"","context":"\u00c4hnlicher Beitrag","block_context":{"text":"\u00c4hnlicher Beitrag","link":""},"img":{"alt_text":"","src":"","width":0,"height":0},"classes":[]},{"id":2,"url":"https:\/\/www.smallthingsinfocus.de\/smallthings\/impressum-smallthings-in-focus-photography\/","url_meta":{"origin":249,"position":2},"title":"Impressum","author":"Smallthingsinfocus","date":"Mai 13, 2021","format":false,"excerpt":"Impressum Angaben gem\u00e4\u00df \u00a7 5 TMG: Dirk Drenske Small things in focus Photography Dirk Drenske\u00a0 Dahmestrasse 84 12526 Berlin Kontakt:\u00a0\u00a0\u00a0Nutzen sie bitte unser Kontaktinformationen (Bitte klicken) Haftungsausschluss: Haftung f\u00fcr Inhalte Tel.Nr.: +49 159\/ 06211375 Copyright:\u00a0 S\u00e4mtliche auf dieser Website gezeigten Bilder, Grafiken und Design-Elemente sind urheberrechtlich gesch\u00fctzt und d\u00fcrfen weder\u2026","rel":"","context":"\u00c4hnlicher Beitrag","block_context":{"text":"\u00c4hnlicher Beitrag","link":""},"img":{"alt_text":"","src":"","width":0,"height":0},"classes":[]},{"id":243,"url":"https:\/\/www.smallthingsinfocus.de\/smallthings\/privacy-policy\/","url_meta":{"origin":249,"position":3},"title":"Privacy Policy","author":"Smallthingsinfocus","date":"November 21, 2021","format":false,"excerpt":"Begriffsbestimmungen und rechtliche Hinweise Diese Website (oder diese Anwendung) Die Eigenschaft, die die Bereitstellung des Dienstes erm\u00f6glicht. Eigent\u00fcmer (oder Wir) Smallthingsinfocus Photography - Die nat\u00fcrliche oder juristische Person, die diese Website und\/oder den Dienst den Nutzern zur Verf\u00fcgung stellt. Benutzer (oder Sie) Die nat\u00fcrliche oder juristische Person, die diese Website\u2026","rel":"","context":"\u00c4hnlicher Beitrag","block_context":{"text":"\u00c4hnlicher Beitrag","link":""},"img":{"alt_text":"","src":"","width":0,"height":0},"classes":[]},{"id":79,"url":"https:\/\/www.smallthingsinfocus.de\/smallthings\/datenschutzerklaerung\/","url_meta":{"origin":249,"position":4},"title":"Datenschutzerkl\u00e4rung","author":"Smallthingsinfocus","date":"Mai 30, 2021","format":false,"excerpt":"Wer wir sind Die Adresse unserer Website ist: https:\/\/www.smallthingsinfocus.de. Kommentare Wenn Besucher Kommentare auf der Website schreiben, sammeln wir die Daten, die im Kommentar-Formular angezeigt werden, au\u00dferdem die IP-Adresse des Besuchers und den User-Agent-String (damit wird der Browser identifiziert), um die Erkennung von Spam zu unterst\u00fctzen. Aus deiner E-Mail-Adresse kann\u2026","rel":"","context":"\u00c4hnlicher Beitrag","block_context":{"text":"\u00c4hnlicher Beitrag","link":""},"img":{"alt_text":"","src":"","width":0,"height":0},"classes":[]},{"id":8,"url":"https:\/\/www.smallthingsinfocus.de\/smallthings\/","url_meta":{"origin":249,"position":5},"title":"Small things and Thoughts","author":"Smallthingsinfocus","date":"Mai 13, 2021","format":false,"excerpt":"Willkommen auf meiner Seite. Hier findet ihr in regelm\u00e4\u00dfigen Abst\u00e4nden Berichte \u00fcber Ameisen, Fotografie und Naturerlebnisse. Wenn ihr immer \u00a0auf dem laufenden sein wollt schaut einfach regelm\u00e4\u00dfig hier vorbei oder abonniert meinen Newsletter. \u00a0","rel":"","context":"\u00c4hnlicher Beitrag","block_context":{"text":"\u00c4hnlicher Beitrag","link":""},"img":{"alt_text":"","src":"","width":0,"height":0},"classes":[]}],"_links":{"self":[{"href":"https:\/\/www.smallthingsinfocus.de\/smallthings\/wp-json\/wp\/v2\/pages\/249"}],"collection":[{"href":"https:\/\/www.smallthingsinfocus.de\/smallthings\/wp-json\/wp\/v2\/pages"}],"about":[{"href":"https:\/\/www.smallthingsinfocus.de\/smallthings\/wp-json\/wp\/v2\/types\/page"}],"author":[{"embeddable":true,"href":"https:\/\/www.smallthingsinfocus.de\/smallthings\/wp-json\/wp\/v2\/users\/1"}],"replies":[{"embeddable":true,"href":"https:\/\/www.smallthingsinfocus.de\/smallthings\/wp-json\/wp\/v2\/comments?post=249"}],"version-history":[{"count":0,"href":"https:\/\/www.smallthingsinfocus.de\/smallthings\/wp-json\/wp\/v2\/pages\/249\/revisions"}],"wp:attachment":[{"href":"https:\/\/www.smallthingsinfocus.de\/smallthings\/wp-json\/wp\/v2\/media?parent=249"}],"curies":[{"name":"wp","href":"https:\/\/api.w.org\/{rel}","templated":true}]}}