{"id":309,"date":"2021-11-24T13:14:20","date_gmt":"2021-11-24T13:14:20","guid":{"rendered":"https:\/\/www.smallthingsinfocus.de\/smallthings\/?page_id=309"},"modified":"2022-01-27T15:22:41","modified_gmt":"2022-01-27T15:22:41","slug":"galerie","status":"publish","type":"page","link":"https:\/\/www.smallthingsinfocus.de\/smallthings\/galerie\/","title":{"rendered":"Galerie"},"content":{"rendered":"\n<div class=\"wp-block-columns is-layout-flex wp-container-core-columns-layout-1 wp-block-columns-is-layout-flex\">\n<div class=\"wp-block-column is-layout-flow wp-block-column-is-layout-flow\">\n<figure class=\"wp-block-image size-large\"><a href=\"https:\/\/www.smallthingsinfocus.de\/smallthings\/urban-wildlife\/\"><img fetchpriority=\"high\" decoding=\"async\" width=\"756\" height=\"504\" src=\"https:\/\/i0.wp.com\/www.smallthingsinfocus.de\/smallthings\/wp-content\/uploads\/2021\/11\/Fuchs.jpeg?resize=756%2C504&#038;ssl=1\" alt=\"Berliner Fuchs im Portrait\" class=\"wp-image-196\" srcset=\"https:\/\/i0.wp.com\/www.smallthingsinfocus.de\/smallthings\/wp-content\/uploads\/2021\/11\/Fuchs-scaled.jpeg?resize=1024%2C683&amp;ssl=1 1024w, https:\/\/i0.wp.com\/www.smallthingsinfocus.de\/smallthings\/wp-content\/uploads\/2021\/11\/Fuchs-scaled.jpeg?resize=300%2C200&amp;ssl=1 300w, https:\/\/i0.wp.com\/www.smallthingsinfocus.de\/smallthings\/wp-content\/uploads\/2021\/11\/Fuchs-scaled.jpeg?resize=768%2C512&amp;ssl=1 768w, https:\/\/i0.wp.com\/www.smallthingsinfocus.de\/smallthings\/wp-content\/uploads\/2021\/11\/Fuchs-scaled.jpeg?resize=1536%2C1025&amp;ssl=1 1536w, https:\/\/i0.wp.com\/www.smallthingsinfocus.de\/smallthings\/wp-content\/uploads\/2021\/11\/Fuchs-scaled.jpeg?resize=2048%2C1366&amp;ssl=1 2048w, https:\/\/i0.wp.com\/www.smallthingsinfocus.de\/smallthings\/wp-content\/uploads\/2021\/11\/Fuchs-scaled.jpeg?w=2268&amp;ssl=1 2268w\" sizes=\"(max-width: 756px) 100vw, 756px\" data-recalc-dims=\"1\" \/><\/a><figcaption>Urbanwildlife<\/figcaption><\/figure>\n<\/div>\n\n\n\n<div class=\"wp-block-column is-layout-flow wp-block-column-is-layout-flow\">\n<figure class=\"wp-block-image size-large\"><a href=\"https:\/\/www.smallthingsinfocus.de\/smallthings\/ameisen\/\"><img decoding=\"async\" width=\"756\" height=\"504\" src=\"https:\/\/i0.wp.com\/www.smallthingsinfocus.de\/smallthings\/wp-content\/uploads\/2021\/05\/DSC01544.jpeg?resize=756%2C504&#038;ssl=1\" alt=\"\" class=\"wp-image-116\" srcset=\"https:\/\/i0.wp.com\/www.smallthingsinfocus.de\/smallthings\/wp-content\/uploads\/2021\/05\/DSC01544-scaled.jpeg?resize=1024%2C683&amp;ssl=1 1024w, https:\/\/i0.wp.com\/www.smallthingsinfocus.de\/smallthings\/wp-content\/uploads\/2021\/05\/DSC01544-scaled.jpeg?resize=300%2C200&amp;ssl=1 300w, https:\/\/i0.wp.com\/www.smallthingsinfocus.de\/smallthings\/wp-content\/uploads\/2021\/05\/DSC01544-scaled.jpeg?resize=768%2C512&amp;ssl=1 768w, https:\/\/i0.wp.com\/www.smallthingsinfocus.de\/smallthings\/wp-content\/uploads\/2021\/05\/DSC01544-scaled.jpeg?resize=1536%2C1024&amp;ssl=1 1536w, https:\/\/i0.wp.com\/www.smallthingsinfocus.de\/smallthings\/wp-content\/uploads\/2021\/05\/DSC01544-scaled.jpeg?resize=2048%2C1365&amp;ssl=1 2048w, https:\/\/i0.wp.com\/www.smallthingsinfocus.de\/smallthings\/wp-content\/uploads\/2021\/05\/DSC01544-scaled.jpeg?w=2268&amp;ssl=1 2268w\" sizes=\"(max-width: 756px) 100vw, 756px\" data-recalc-dims=\"1\" \/><\/a><figcaption>Ameisen<\/figcaption><\/figure>\n<\/div>\n\n\n\n<div class=\"wp-block-column is-layout-flow wp-block-column-is-layout-flow\">\n<figure class=\"wp-block-image size-large\"><a href=\"https:\/\/www.smallthingsinfocus.de\/smallthings\/galerie\/nature\/\"><img decoding=\"async\" width=\"756\" height=\"504\" src=\"https:\/\/i0.wp.com\/www.smallthingsinfocus.de\/smallthings\/wp-content\/uploads\/2021\/05\/mohn-im-Feld.jpeg?resize=756%2C504&#038;ssl=1\" alt=\"\" class=\"wp-image-38\" srcset=\"https:\/\/i0.wp.com\/www.smallthingsinfocus.de\/smallthings\/wp-content\/uploads\/2021\/05\/mohn-im-Feld-scaled.jpeg?resize=1024%2C683&amp;ssl=1 1024w, https:\/\/i0.wp.com\/www.smallthingsinfocus.de\/smallthings\/wp-content\/uploads\/2021\/05\/mohn-im-Feld-scaled.jpeg?resize=300%2C200&amp;ssl=1 300w, https:\/\/i0.wp.com\/www.smallthingsinfocus.de\/smallthings\/wp-content\/uploads\/2021\/05\/mohn-im-Feld-scaled.jpeg?resize=768%2C512&amp;ssl=1 768w, https:\/\/i0.wp.com\/www.smallthingsinfocus.de\/smallthings\/wp-content\/uploads\/2021\/05\/mohn-im-Feld-scaled.jpeg?resize=1536%2C1025&amp;ssl=1 1536w, https:\/\/i0.wp.com\/www.smallthingsinfocus.de\/smallthings\/wp-content\/uploads\/2021\/05\/mohn-im-Feld-scaled.jpeg?resize=2048%2C1366&amp;ssl=1 2048w, https:\/\/i0.wp.com\/www.smallthingsinfocus.de\/smallthings\/wp-content\/uploads\/2021\/05\/mohn-im-Feld-scaled.jpeg?resize=1568%2C1046&amp;ssl=1 1568w, https:\/\/i0.wp.com\/www.smallthingsinfocus.de\/smallthings\/wp-content\/uploads\/2021\/05\/mohn-im-Feld-scaled.jpeg?w=2268&amp;ssl=1 2268w\" sizes=\"(max-width: 756px) 100vw, 756px\" data-recalc-dims=\"1\" \/><\/a><figcaption>Natur<\/figcaption><\/figure>\n<\/div>\n<\/div>\n","protected":false},"excerpt":{"rendered":"","protected":false},"author":1,"featured_media":0,"parent":0,"menu_order":0,"comment_status":"closed","ping_status":"closed","template":"","meta":{"footnotes":""},"yoast_head":"<!-- This site is optimized with the Yoast SEO plugin v21.7 - https:\/\/yoast.com\/wordpress\/plugins\/seo\/ -->\n<title>Galerie - Smallthings in focus<\/title>\n<meta name=\"description\" content=\"Ein \u00dcberblick \u00fcber alle Galerien die ihr auf meiner Seite findet. Von Natur bis Landschaft und auch abstrakte Sachen.\" \/>\n<meta name=\"robots\" content=\"index, follow, max-snippet:-1, max-image-preview:large, max-video-preview:-1\" \/>\n<link rel=\"canonical\" href=\"https:\/\/www.smallthingsinfocus.de\/smallthings\/galerie\/\" \/>\n<meta property=\"og:locale\" content=\"de_DE\" \/>\n<meta property=\"og:type\" content=\"article\" \/>\n<meta property=\"og:title\" content=\"Galerie - Smallthings in focus\" \/>\n<meta property=\"og:description\" content=\"Ein \u00dcberblick \u00fcber alle Galerien die ihr auf meiner Seite findet. Von Natur bis Landschaft und auch abstrakte Sachen.\" \/>\n<meta property=\"og:url\" content=\"https:\/\/www.smallthingsinfocus.de\/smallthings\/galerie\/\" \/>\n<meta property=\"og:site_name\" content=\"Smallthings in focus\" \/>\n<meta property=\"article:modified_time\" content=\"2022-01-27T15:22:41+00:00\" \/>\n<meta property=\"og:image\" content=\"https:\/\/www.smallthingsinfocus.de\/smallthings\/wp-content\/uploads\/2021\/11\/Fuchs-1024x683.jpeg\" \/>\n<meta name=\"twitter:card\" content=\"summary_large_image\" \/>\n<meta name=\"twitter:label1\" content=\"Gesch\u00e4tzte Lesezeit\" \/>\n\t<meta name=\"twitter:data1\" content=\"1 Minute\" \/>\n<script type=\"application\/ld+json\" class=\"yoast-schema-graph\">{\"@context\":\"https:\/\/schema.org\",\"@graph\":[{\"@type\":\"WebPage\",\"@id\":\"https:\/\/www.smallthingsinfocus.de\/smallthings\/galerie\/\",\"url\":\"https:\/\/www.smallthingsinfocus.de\/smallthings\/galerie\/\",\"name\":\"Galerie - Smallthings in focus\",\"isPartOf\":{\"@id\":\"https:\/\/www.smallthingsinfocus.de\/smallthings\/#website\"},\"datePublished\":\"2021-11-24T13:14:20+00:00\",\"dateModified\":\"2022-01-27T15:22:41+00:00\",\"description\":\"Ein \u00dcberblick \u00fcber alle Galerien die ihr auf meiner Seite findet. Von Natur bis Landschaft und auch abstrakte Sachen.\",\"breadcrumb\":{\"@id\":\"https:\/\/www.smallthingsinfocus.de\/smallthings\/galerie\/#breadcrumb\"},\"inLanguage\":\"de-DE\",\"potentialAction\":[{\"@type\":\"ReadAction\",\"target\":[\"https:\/\/www.smallthingsinfocus.de\/smallthings\/galerie\/\"]}]},{\"@type\":\"BreadcrumbList\",\"@id\":\"https:\/\/www.smallthingsinfocus.de\/smallthings\/galerie\/#breadcrumb\",\"itemListElement\":[{\"@type\":\"ListItem\",\"position\":1,\"name\":\"Startseite\",\"item\":\"https:\/\/www.smallthingsinfocus.de\/smallthings\/\"},{\"@type\":\"ListItem\",\"position\":2,\"name\":\"Galerie\"}]},{\"@type\":\"WebSite\",\"@id\":\"https:\/\/www.smallthingsinfocus.de\/smallthings\/#website\",\"url\":\"https:\/\/www.smallthingsinfocus.de\/smallthings\/\",\"name\":\"Smallthings in focus\",\"description\":\"Die Details im Blick\",\"potentialAction\":[{\"@type\":\"SearchAction\",\"target\":{\"@type\":\"EntryPoint\",\"urlTemplate\":\"https:\/\/www.smallthingsinfocus.de\/smallthings\/?s={search_term_string}\"},\"query-input\":\"required name=search_term_string\"}],\"inLanguage\":\"de-DE\"}]}<\/script>\n<!-- \/ Yoast SEO plugin. -->","yoast_head_json":{"title":"Galerie - Smallthings in focus","description":"Ein \u00dcberblick \u00fcber alle Galerien die ihr auf meiner Seite findet. Von Natur bis Landschaft und auch abstrakte Sachen.","robots":{"index":"index","follow":"follow","max-snippet":"max-snippet:-1","max-image-preview":"max-image-preview:large","max-video-preview":"max-video-preview:-1"},"canonical":"https:\/\/www.smallthingsinfocus.de\/smallthings\/galerie\/","og_locale":"de_DE","og_type":"article","og_title":"Galerie - Smallthings in focus","og_description":"Ein \u00dcberblick \u00fcber alle Galerien die ihr auf meiner Seite findet. Von Natur bis Landschaft und auch abstrakte Sachen.","og_url":"https:\/\/www.smallthingsinfocus.de\/smallthings\/galerie\/","og_site_name":"Smallthings in focus","article_modified_time":"2022-01-27T15:22:41+00:00","og_image":[{"url":"https:\/\/www.smallthingsinfocus.de\/smallthings\/wp-content\/uploads\/2021\/11\/Fuchs-1024x683.jpeg"}],"twitter_card":"summary_large_image","twitter_misc":{"Gesch\u00e4tzte Lesezeit":"1 Minute"},"schema":{"@context":"https:\/\/schema.org","@graph":[{"@type":"WebPage","@id":"https:\/\/www.smallthingsinfocus.de\/smallthings\/galerie\/","url":"https:\/\/www.smallthingsinfocus.de\/smallthings\/galerie\/","name":"Galerie - Smallthings in focus","isPartOf":{"@id":"https:\/\/www.smallthingsinfocus.de\/smallthings\/#website"},"datePublished":"2021-11-24T13:14:20+00:00","dateModified":"2022-01-27T15:22:41+00:00","description":"Ein \u00dcberblick \u00fcber alle Galerien die ihr auf meiner Seite findet. Von Natur bis Landschaft und auch abstrakte Sachen.","breadcrumb":{"@id":"https:\/\/www.smallthingsinfocus.de\/smallthings\/galerie\/#breadcrumb"},"inLanguage":"de-DE","potentialAction":[{"@type":"ReadAction","target":["https:\/\/www.smallthingsinfocus.de\/smallthings\/galerie\/"]}]},{"@type":"BreadcrumbList","@id":"https:\/\/www.smallthingsinfocus.de\/smallthings\/galerie\/#breadcrumb","itemListElement":[{"@type":"ListItem","position":1,"name":"Startseite","item":"https:\/\/www.smallthingsinfocus.de\/smallthings\/"},{"@type":"ListItem","position":2,"name":"Galerie"}]},{"@type":"WebSite","@id":"https:\/\/www.smallthingsinfocus.de\/smallthings\/#website","url":"https:\/\/www.smallthingsinfocus.de\/smallthings\/","name":"Smallthings in focus","description":"Die Details im Blick","potentialAction":[{"@type":"SearchAction","target":{"@type":"EntryPoint","urlTemplate":"https:\/\/www.smallthingsinfocus.de\/smallthings\/?s={search_term_string}"},"query-input":"required name=search_term_string"}],"inLanguage":"de-DE"}]}},"jetpack_sharing_enabled":true,"jetpack-related-posts":[{"id":572,"url":"https:\/\/www.smallthingsinfocus.de\/smallthings\/ameisen-2\/","url_meta":{"origin":309,"position":0},"title":"Ameisen","author":"Smallthingsinfocus","date":"Dezember 10, 2021","format":false,"excerpt":"Ameisen","rel":"","context":"\u00c4hnlicher Beitrag","block_context":{"text":"\u00c4hnlicher Beitrag","link":""},"img":{"alt_text":"","src":"","width":0,"height":0},"classes":[]},{"id":21,"url":"https:\/\/www.smallthingsinfocus.de\/smallthings\/ameisen\/","url_meta":{"origin":309,"position":1},"title":"Ameisen","author":"Smallthingsinfocus","date":"Mai 13, 2021","format":false,"excerpt":"","rel":"","context":"\u00c4hnlicher Beitrag","block_context":{"text":"\u00c4hnlicher Beitrag","link":""},"img":{"alt_text":"","src":"","width":0,"height":0},"classes":[]},{"id":8,"url":"https:\/\/www.smallthingsinfocus.de\/smallthings\/","url_meta":{"origin":309,"position":2},"title":"Small things and Thoughts","author":"Smallthingsinfocus","date":"Mai 13, 2021","format":false,"excerpt":"Willkommen auf meiner Seite. Hier findet ihr in regelm\u00e4\u00dfigen Abst\u00e4nden Berichte \u00fcber Ameisen, Fotografie und Naturerlebnisse. Wenn ihr immer \u00a0auf dem laufenden sein wollt schaut einfach regelm\u00e4\u00dfig hier vorbei oder abonniert meinen Newsletter. \u00a0","rel":"","context":"\u00c4hnlicher Beitrag","block_context":{"text":"\u00c4hnlicher Beitrag","link":""},"img":{"alt_text":"","src":"","width":0,"height":0},"classes":[]},{"id":28,"url":"https:\/\/www.smallthingsinfocus.de\/smallthings\/galerie\/nature\/","url_meta":{"origin":309,"position":3},"title":"Nature","author":"Smallthingsinfocus","date":"Mai 13, 2021","format":false,"excerpt":"Nature \u00a0 \u00a0","rel":"","context":"\u00c4hnlicher Beitrag","block_context":{"text":"\u00c4hnlicher Beitrag","link":""},"img":{"alt_text":"","src":"","width":0,"height":0},"classes":[]},{"id":197,"url":"https:\/\/www.smallthingsinfocus.de\/smallthings\/urban-wildlife\/","url_meta":{"origin":309,"position":4},"title":"Urban Wildlife","author":"Smallthingsinfocus","date":"November 15, 2021","format":false,"excerpt":"Urban Wildlife","rel":"","context":"\u00c4hnlicher Beitrag","block_context":{"text":"\u00c4hnlicher Beitrag","link":""},"img":{"alt_text":"","src":"","width":0,"height":0},"classes":[]}],"_links":{"self":[{"href":"https:\/\/www.smallthingsinfocus.de\/smallthings\/wp-json\/wp\/v2\/pages\/309"}],"collection":[{"href":"https:\/\/www.smallthingsinfocus.de\/smallthings\/wp-json\/wp\/v2\/pages"}],"about":[{"href":"https:\/\/www.smallthingsinfocus.de\/smallthings\/wp-json\/wp\/v2\/types\/page"}],"author":[{"embeddable":true,"href":"https:\/\/www.smallthingsinfocus.de\/smallthings\/wp-json\/wp\/v2\/users\/1"}],"replies":[{"embeddable":true,"href":"https:\/\/www.smallthingsinfocus.de\/smallthings\/wp-json\/wp\/v2\/comments?post=309"}],"version-history":[{"count":0,"href":"https:\/\/www.smallthingsinfocus.de\/smallthings\/wp-json\/wp\/v2\/pages\/309\/revisions"}],"wp:attachment":[{"href":"https:\/\/www.smallthingsinfocus.de\/smallthings\/wp-json\/wp\/v2\/media?parent=309"}],"curies":[{"name":"wp","href":"https:\/\/api.w.org\/{rel}","templated":true}]}}