{"id":7,"date":"2021-05-13T16:08:32","date_gmt":"2021-05-13T16:08:32","guid":{"rendered":"https:\/\/www.smallthingsinfocus.de\/smallthings\/?page_id=7"},"modified":"2022-01-25T22:05:24","modified_gmt":"2022-01-25T22:05:24","slug":"kontakt-smallthingsinfocus","status":"publish","type":"page","link":"https:\/\/www.smallthingsinfocus.de\/smallthings\/kontakt-smallthingsinfocus\/","title":{"rendered":"Kontakt"},"content":{"rendered":"\n<figure class=\"wp-block-image size-large is-resized\"><img fetchpriority=\"high\" decoding=\"async\" src=\"https:\/\/i0.wp.com\/www.smallthingsinfocus.de\/smallthings\/wp-content\/uploads\/2021\/05\/Odontomachus.jpeg?resize=610%2C406&#038;ssl=1\" alt=\"\" class=\"wp-image-51\" width=\"610\" height=\"406\" srcset=\"https:\/\/i0.wp.com\/www.smallthingsinfocus.de\/smallthings\/wp-content\/uploads\/2021\/05\/Odontomachus-scaled.jpeg?resize=1024%2C683&amp;ssl=1 1024w, https:\/\/i0.wp.com\/www.smallthingsinfocus.de\/smallthings\/wp-content\/uploads\/2021\/05\/Odontomachus-scaled.jpeg?resize=300%2C200&amp;ssl=1 300w, https:\/\/i0.wp.com\/www.smallthingsinfocus.de\/smallthings\/wp-content\/uploads\/2021\/05\/Odontomachus-scaled.jpeg?resize=768%2C512&amp;ssl=1 768w, https:\/\/i0.wp.com\/www.smallthingsinfocus.de\/smallthings\/wp-content\/uploads\/2021\/05\/Odontomachus-scaled.jpeg?resize=1536%2C1024&amp;ssl=1 1536w, https:\/\/i0.wp.com\/www.smallthingsinfocus.de\/smallthings\/wp-content\/uploads\/2021\/05\/Odontomachus-scaled.jpeg?resize=2048%2C1365&amp;ssl=1 2048w, https:\/\/i0.wp.com\/www.smallthingsinfocus.de\/smallthings\/wp-content\/uploads\/2021\/05\/Odontomachus-scaled.jpeg?resize=1568%2C1045&amp;ssl=1 1568w, https:\/\/i0.wp.com\/www.smallthingsinfocus.de\/smallthings\/wp-content\/uploads\/2021\/05\/Odontomachus-scaled.jpeg?w=2268&amp;ssl=1 2268w\" sizes=\"(max-width: 610px) 100vw, 610px\" data-recalc-dims=\"1\" \/><figcaption>Odontomachus looking!<\/figcaption><\/figure>\n\n\n\n<p>Photographer since 2010, living and working in Berlin\/Germany.<\/p>\n\n\n\n<p><a href=\"https:\/\/www.instagram.com\/smallthingsinfocus\/\" target=\"_blank\" rel=\"noreferrer noopener\">Small things in Focus @ INSTAGRAM<\/a><\/p>\n\n\n\n<p>Artist Statement<\/p>\n\n\n\n<p>Auf dieser Seite soll es gr\u00f6\u00dftenteils darum gehen den Blick auf die kleinen Dinge zu st\u00e4rken, die uns sonst im Alltag verborgen bleiben. Sei es die kleine Blume vor unseren F\u00fc\u00dfen oder die faszinierenden Tiere, die uns allgegenw\u00e4rtig begegnen und doch oft verborgen bleiben.&nbsp;<\/p>\n\n\n\n<p>Ein einfacher Gang in den Garten oder einfach nur durch die Stra\u00dfen deiner Stadt k\u00f6nnen zu einem Fotoabenteuer werden, das dir noch lange in Erinnerung bleibt.<\/p>\n\n\n\n<p class=\"has-text-align-center\">&#8212;&#8211;<\/p>\n\n\n\n<p>Gef\u00e4llt ihnen ein Foto schauen sie in meinem Shop vorbei oder schreiben sie&nbsp;<a>mir<\/a>.&nbsp;<\/p>\n\n\n\n<p>Wenn ihnen meine Arbeiten gefallen oder sie nach einem bestimmten Motiv suchen k\u00f6nnen sie mich ebenfalls kontaktieren. Sofern es sich erm\u00f6glichen l\u00e4\u00dft stehe ich auch immer gerne f\u00fcr Auftragsarbeiten zur Verf\u00fcgung.<\/p>\n\n\n\n<div class=\"wp-block-columns alignwide is-layout-flex wp-container-core-columns-layout-1 wp-block-columns-is-layout-flex\">\n<div class=\"wp-block-column is-layout-flow wp-block-column-is-layout-flow\">\n<p><a rel=\"noreferrer noopener\" href=\"mailto:fotos@smallthingsinfocus.de\" target=\"_blank\">Kontakt<\/a><\/p>\n\n\n\n<p>Tel.Nr.: +49 159\/06211375<a rel=\"noreferrer noopener\" href=\"mailto:fotos@smallthingsinfocus.de\" target=\"_blank\"><br><\/a><\/p>\n<\/div>\n\n\n\n<div class=\"wp-block-column is-layout-flow wp-block-column-is-layout-flow\">\n<p class=\"has-text-align-center\">Bundesallee 122<\/p>\n\n\n\n<p class=\"has-text-align-center\">12161 Berlin <\/p>\n<\/div>\n\n\n\n<div class=\"wp-block-column is-vertically-aligned-center is-layout-flow wp-block-column-is-layout-flow\">\n<ul class=\"wp-block-social-links alignright is-style-twentytwentyone-social-icons-color is-layout-flex wp-block-social-links-is-layout-flex\"><li class=\"wp-social-link wp-social-link-facebook  wp-block-social-link\"><a href=\"https:\/\/www.facebook.com\/Wordpress\/smallthingsinfocus\" class=\"wp-block-social-link-anchor\"><svg width=\"24\" height=\"24\" viewBox=\"0 0 24 24\" version=\"1.1\" xmlns=\"http:\/\/www.w3.org\/2000\/svg\" aria-hidden=\"true\" focusable=\"false\"><path d=\"M12 2C6.5 2 2 6.5 2 12c0 5 3.7 9.1 8.4 9.9v-7H7.9V12h2.5V9.8c0-2.5 1.5-3.9 3.8-3.9 1.1 0 2.2.2 2.2.2v2.5h-1.3c-1.2 0-1.6.8-1.6 1.6V12h2.8l-.4 2.9h-2.3v7C18.3 21.1 22 17 22 12c0-5.5-4.5-10-10-10z\"><\/path><\/svg><span class=\"wp-block-social-link-label screen-reader-text\">Facebook<\/span><\/a><\/li>\n\n<li class=\"wp-social-link wp-social-link-instagram  wp-block-social-link\"><a href=\"https:\/\/www.instagram.com\/smallthingsinfocus\/\" class=\"wp-block-social-link-anchor\"><svg width=\"24\" height=\"24\" viewBox=\"0 0 24 24\" version=\"1.1\" xmlns=\"http:\/\/www.w3.org\/2000\/svg\" aria-hidden=\"true\" focusable=\"false\"><path d=\"M12,4.622c2.403,0,2.688,0.009,3.637,0.052c0.877,0.04,1.354,0.187,1.671,0.31c0.42,0.163,0.72,0.358,1.035,0.673 c0.315,0.315,0.51,0.615,0.673,1.035c0.123,0.317,0.27,0.794,0.31,1.671c0.043,0.949,0.052,1.234,0.052,3.637 s-0.009,2.688-0.052,3.637c-0.04,0.877-0.187,1.354-0.31,1.671c-0.163,0.42-0.358,0.72-0.673,1.035 c-0.315,0.315-0.615,0.51-1.035,0.673c-0.317,0.123-0.794,0.27-1.671,0.31c-0.949,0.043-1.233,0.052-3.637,0.052 s-2.688-0.009-3.637-0.052c-0.877-0.04-1.354-0.187-1.671-0.31c-0.42-0.163-0.72-0.358-1.035-0.673 c-0.315-0.315-0.51-0.615-0.673-1.035c-0.123-0.317-0.27-0.794-0.31-1.671C4.631,14.688,4.622,14.403,4.622,12 s0.009-2.688,0.052-3.637c0.04-0.877,0.187-1.354,0.31-1.671c0.163-0.42,0.358-0.72,0.673-1.035 c0.315-0.315,0.615-0.51,1.035-0.673c0.317-0.123,0.794-0.27,1.671-0.31C9.312,4.631,9.597,4.622,12,4.622 M12,3 C9.556,3,9.249,3.01,8.289,3.054C7.331,3.098,6.677,3.25,6.105,3.472C5.513,3.702,5.011,4.01,4.511,4.511 c-0.5,0.5-0.808,1.002-1.038,1.594C3.25,6.677,3.098,7.331,3.054,8.289C3.01,9.249,3,9.556,3,12c0,2.444,0.01,2.751,0.054,3.711 c0.044,0.958,0.196,1.612,0.418,2.185c0.23,0.592,0.538,1.094,1.038,1.594c0.5,0.5,1.002,0.808,1.594,1.038 c0.572,0.222,1.227,0.375,2.185,0.418C9.249,20.99,9.556,21,12,21s2.751-0.01,3.711-0.054c0.958-0.044,1.612-0.196,2.185-0.418 c0.592-0.23,1.094-0.538,1.594-1.038c0.5-0.5,0.808-1.002,1.038-1.594c0.222-0.572,0.375-1.227,0.418-2.185 C20.99,14.751,21,14.444,21,12s-0.01-2.751-0.054-3.711c-0.044-0.958-0.196-1.612-0.418-2.185c-0.23-0.592-0.538-1.094-1.038-1.594 c-0.5-0.5-1.002-0.808-1.594-1.038c-0.572-0.222-1.227-0.375-2.185-0.418C14.751,3.01,14.444,3,12,3L12,3z M12,7.378 c-2.552,0-4.622,2.069-4.622,4.622S9.448,16.622,12,16.622s4.622-2.069,4.622-4.622S14.552,7.378,12,7.378z M12,15 c-1.657,0-3-1.343-3-3s1.343-3,3-3s3,1.343,3,3S13.657,15,12,15z M16.804,6.116c-0.596,0-1.08,0.484-1.08,1.08 s0.484,1.08,1.08,1.08c0.596,0,1.08-0.484,1.08-1.08S17.401,6.116,16.804,6.116z\"><\/path><\/svg><span class=\"wp-block-social-link-label screen-reader-text\">Instagram<\/span><\/a><\/li><\/ul>\n<\/div>\n<\/div>\n\n\n\n<p><\/p>\n","protected":false},"excerpt":{"rendered":"<p>Photographer since 2010, living and working in Berlin\/Germany. Small things in Focus @ INSTAGRAM Artist Statement Auf dieser Seite soll es gr\u00f6\u00dftenteils darum gehen den Blick auf die kleinen Dinge zu st\u00e4rken, die uns sonst im Alltag verborgen bleiben. Sei es die kleine Blume vor &hellip; <a href=\"https:\/\/www.smallthingsinfocus.de\/smallthings\/kontakt-smallthingsinfocus\/\" class=\"more-link\"><span>weiterlesen<span class=\"screen-reader-text\">Kontakt<\/span><\/span><\/a><\/p>\n","protected":false},"author":1,"featured_media":0,"parent":0,"menu_order":0,"comment_status":"closed","ping_status":"closed","template":"","meta":{"footnotes":""},"yoast_head":"<!-- This site is optimized with the Yoast SEO plugin v21.7 - https:\/\/yoast.com\/wordpress\/plugins\/seo\/ -->\n<title>Kontakt - Smallthings in focus<\/title>\n<meta name=\"robots\" content=\"index, follow, max-snippet:-1, max-image-preview:large, max-video-preview:-1\" \/>\n<link rel=\"canonical\" href=\"https:\/\/www.smallthingsinfocus.de\/smallthings\/kontakt-smallthingsinfocus\/\" \/>\n<meta property=\"og:locale\" content=\"de_DE\" \/>\n<meta property=\"og:type\" content=\"article\" \/>\n<meta property=\"og:title\" content=\"Kontakt - Smallthings in focus\" \/>\n<meta property=\"og:description\" content=\"Photographer since 2010, living and working in Berlin\/Germany. Small things in Focus @ INSTAGRAM Artist Statement Auf dieser Seite soll es gr\u00f6\u00dftenteils darum gehen den Blick auf die kleinen Dinge zu st\u00e4rken, die uns sonst im Alltag verborgen bleiben. Sei es die kleine Blume vor &hellip; weiterlesenKontakt\" \/>\n<meta property=\"og:url\" content=\"https:\/\/www.smallthingsinfocus.de\/smallthings\/kontakt-smallthingsinfocus\/\" \/>\n<meta property=\"og:site_name\" content=\"Smallthings in focus\" \/>\n<meta property=\"article:modified_time\" content=\"2022-01-25T22:05:24+00:00\" \/>\n<meta property=\"og:image\" content=\"https:\/\/www.smallthingsinfocus.de\/smallthings\/wp-content\/uploads\/2021\/05\/Odontomachus-1024x683.jpeg\" \/>\n<meta name=\"twitter:card\" content=\"summary_large_image\" \/>\n<meta name=\"twitter:label1\" content=\"Gesch\u00e4tzte Lesezeit\" \/>\n\t<meta name=\"twitter:data1\" content=\"1 Minute\" \/>\n<script type=\"application\/ld+json\" class=\"yoast-schema-graph\">{\"@context\":\"https:\/\/schema.org\",\"@graph\":[{\"@type\":\"WebPage\",\"@id\":\"https:\/\/www.smallthingsinfocus.de\/smallthings\/kontakt-smallthingsinfocus\/\",\"url\":\"https:\/\/www.smallthingsinfocus.de\/smallthings\/kontakt-smallthingsinfocus\/\",\"name\":\"Kontakt - Smallthings in focus\",\"isPartOf\":{\"@id\":\"https:\/\/www.smallthingsinfocus.de\/smallthings\/#website\"},\"datePublished\":\"2021-05-13T16:08:32+00:00\",\"dateModified\":\"2022-01-25T22:05:24+00:00\",\"breadcrumb\":{\"@id\":\"https:\/\/www.smallthingsinfocus.de\/smallthings\/kontakt-smallthingsinfocus\/#breadcrumb\"},\"inLanguage\":\"de-DE\",\"potentialAction\":[{\"@type\":\"ReadAction\",\"target\":[\"https:\/\/www.smallthingsinfocus.de\/smallthings\/kontakt-smallthingsinfocus\/\"]}]},{\"@type\":\"BreadcrumbList\",\"@id\":\"https:\/\/www.smallthingsinfocus.de\/smallthings\/kontakt-smallthingsinfocus\/#breadcrumb\",\"itemListElement\":[{\"@type\":\"ListItem\",\"position\":1,\"name\":\"Startseite\",\"item\":\"https:\/\/www.smallthingsinfocus.de\/smallthings\/\"},{\"@type\":\"ListItem\",\"position\":2,\"name\":\"Kontakt\"}]},{\"@type\":\"WebSite\",\"@id\":\"https:\/\/www.smallthingsinfocus.de\/smallthings\/#website\",\"url\":\"https:\/\/www.smallthingsinfocus.de\/smallthings\/\",\"name\":\"Smallthings in focus\",\"description\":\"Die Details im Blick\",\"potentialAction\":[{\"@type\":\"SearchAction\",\"target\":{\"@type\":\"EntryPoint\",\"urlTemplate\":\"https:\/\/www.smallthingsinfocus.de\/smallthings\/?s={search_term_string}\"},\"query-input\":\"required name=search_term_string\"}],\"inLanguage\":\"de-DE\"}]}<\/script>\n<!-- \/ Yoast SEO plugin. -->","yoast_head_json":{"title":"Kontakt - Smallthings in focus","robots":{"index":"index","follow":"follow","max-snippet":"max-snippet:-1","max-image-preview":"max-image-preview:large","max-video-preview":"max-video-preview:-1"},"canonical":"https:\/\/www.smallthingsinfocus.de\/smallthings\/kontakt-smallthingsinfocus\/","og_locale":"de_DE","og_type":"article","og_title":"Kontakt - Smallthings in focus","og_description":"Photographer since 2010, living and working in Berlin\/Germany. Small things in Focus @ INSTAGRAM Artist Statement Auf dieser Seite soll es gr\u00f6\u00dftenteils darum gehen den Blick auf die kleinen Dinge zu st\u00e4rken, die uns sonst im Alltag verborgen bleiben. Sei es die kleine Blume vor &hellip; weiterlesenKontakt","og_url":"https:\/\/www.smallthingsinfocus.de\/smallthings\/kontakt-smallthingsinfocus\/","og_site_name":"Smallthings in focus","article_modified_time":"2022-01-25T22:05:24+00:00","og_image":[{"url":"https:\/\/www.smallthingsinfocus.de\/smallthings\/wp-content\/uploads\/2021\/05\/Odontomachus-1024x683.jpeg"}],"twitter_card":"summary_large_image","twitter_misc":{"Gesch\u00e4tzte Lesezeit":"1 Minute"},"schema":{"@context":"https:\/\/schema.org","@graph":[{"@type":"WebPage","@id":"https:\/\/www.smallthingsinfocus.de\/smallthings\/kontakt-smallthingsinfocus\/","url":"https:\/\/www.smallthingsinfocus.de\/smallthings\/kontakt-smallthingsinfocus\/","name":"Kontakt - Smallthings in focus","isPartOf":{"@id":"https:\/\/www.smallthingsinfocus.de\/smallthings\/#website"},"datePublished":"2021-05-13T16:08:32+00:00","dateModified":"2022-01-25T22:05:24+00:00","breadcrumb":{"@id":"https:\/\/www.smallthingsinfocus.de\/smallthings\/kontakt-smallthingsinfocus\/#breadcrumb"},"inLanguage":"de-DE","potentialAction":[{"@type":"ReadAction","target":["https:\/\/www.smallthingsinfocus.de\/smallthings\/kontakt-smallthingsinfocus\/"]}]},{"@type":"BreadcrumbList","@id":"https:\/\/www.smallthingsinfocus.de\/smallthings\/kontakt-smallthingsinfocus\/#breadcrumb","itemListElement":[{"@type":"ListItem","position":1,"name":"Startseite","item":"https:\/\/www.smallthingsinfocus.de\/smallthings\/"},{"@type":"ListItem","position":2,"name":"Kontakt"}]},{"@type":"WebSite","@id":"https:\/\/www.smallthingsinfocus.de\/smallthings\/#website","url":"https:\/\/www.smallthingsinfocus.de\/smallthings\/","name":"Smallthings in focus","description":"Die Details im Blick","potentialAction":[{"@type":"SearchAction","target":{"@type":"EntryPoint","urlTemplate":"https:\/\/www.smallthingsinfocus.de\/smallthings\/?s={search_term_string}"},"query-input":"required name=search_term_string"}],"inLanguage":"de-DE"}]}},"jetpack_sharing_enabled":true,"jetpack-related-posts":[{"id":2,"url":"https:\/\/www.smallthingsinfocus.de\/smallthings\/impressum-smallthings-in-focus-photography\/","url_meta":{"origin":7,"position":0},"title":"Impressum","author":"Smallthingsinfocus","date":"Mai 13, 2021","format":false,"excerpt":"Impressum Angaben gem\u00e4\u00df \u00a7 5 TMG: Dirk Drenske Small things in focus Photography Dirk Drenske\u00a0 Dahmestrasse 84 12526 Berlin Kontakt:\u00a0\u00a0\u00a0Nutzen sie bitte unser Kontaktinformationen (Bitte klicken) Haftungsausschluss: Haftung f\u00fcr Inhalte Tel.Nr.: +49 159\/ 06211375 Copyright:\u00a0 S\u00e4mtliche auf dieser Website gezeigten Bilder, Grafiken und Design-Elemente sind urheberrechtlich gesch\u00fctzt und d\u00fcrfen weder\u2026","rel":"","context":"\u00c4hnlicher Beitrag","block_context":{"text":"\u00c4hnlicher Beitrag","link":""},"img":{"alt_text":"","src":"","width":0,"height":0},"classes":[]},{"id":79,"url":"https:\/\/www.smallthingsinfocus.de\/smallthings\/datenschutzerklaerung\/","url_meta":{"origin":7,"position":1},"title":"Datenschutzerkl\u00e4rung","author":"Smallthingsinfocus","date":"Mai 30, 2021","format":false,"excerpt":"Wer wir sind Die Adresse unserer Website ist: https:\/\/www.smallthingsinfocus.de. Kommentare Wenn Besucher Kommentare auf der Website schreiben, sammeln wir die Daten, die im Kommentar-Formular angezeigt werden, au\u00dferdem die IP-Adresse des Besuchers und den User-Agent-String (damit wird der Browser identifiziert), um die Erkennung von Spam zu unterst\u00fctzen. Aus deiner E-Mail-Adresse kann\u2026","rel":"","context":"\u00c4hnlicher Beitrag","block_context":{"text":"\u00c4hnlicher Beitrag","link":""},"img":{"alt_text":"","src":"","width":0,"height":0},"classes":[]}],"_links":{"self":[{"href":"https:\/\/www.smallthingsinfocus.de\/smallthings\/wp-json\/wp\/v2\/pages\/7"}],"collection":[{"href":"https:\/\/www.smallthingsinfocus.de\/smallthings\/wp-json\/wp\/v2\/pages"}],"about":[{"href":"https:\/\/www.smallthingsinfocus.de\/smallthings\/wp-json\/wp\/v2\/types\/page"}],"author":[{"embeddable":true,"href":"https:\/\/www.smallthingsinfocus.de\/smallthings\/wp-json\/wp\/v2\/users\/1"}],"replies":[{"embeddable":true,"href":"https:\/\/www.smallthingsinfocus.de\/smallthings\/wp-json\/wp\/v2\/comments?post=7"}],"version-history":[{"count":0,"href":"https:\/\/www.smallthingsinfocus.de\/smallthings\/wp-json\/wp\/v2\/pages\/7\/revisions"}],"wp:attachment":[{"href":"https:\/\/www.smallthingsinfocus.de\/smallthings\/wp-json\/wp\/v2\/media?parent=7"}],"curies":[{"name":"wp","href":"https:\/\/api.w.org\/{rel}","templated":true}]}}